{"id":165,"date":"2018-03-30T14:06:01","date_gmt":"2018-03-30T14:06:01","guid":{"rendered":"https:\/\/tk-gedersdorf.at\/?page_id=165"},"modified":"2020-02-09T13:26:15","modified_gmt":"2020-02-09T13:26:15","slug":"impressum","status":"publish","type":"page","link":"https:\/\/tk-gedersdorf.at\/index.php\/impressum\/","title":{"rendered":"Impressum"},"content":{"rendered":"<h3><span style=\"color: #008000;\">Externe Links:<\/span><\/h3>\n<p>Mit Urteil vom 19. 12. 2000 (4 Ob 274\/00y Haftung f\u00fcr Links auf Websites) hat der \u00f6sterreichische Oberste Gerichtshof entschieden, dass sich ein Linksetzer den Inhalt einer fremden Website als eigenen Inhalt zurechnen lassen muss und f\u00fcr diesen zu haften hat, sofern er sich deren Inhalt zu eigen macht. Wir verwenden Links im Sinne eines Fundstellenverzeichnisses. Um diesen Umstand zu unterstreichen werden externe Links (sofern Ihr Browser diese M\u00f6glichkeit unterst\u00fctzt) in einem neuen Fenster ge\u00f6ffnet. Wir weisen ausdr\u00fccklich darauf hin, dass wir jegliche Verantwortung f\u00fcr diese Websites und die darauf enthaltenen Inhalte ausschlie\u00dfen.<\/p>\n<p>&nbsp;<\/p>\n<h3><span style=\"color: #008000;\">Medieninhaber:<\/span><\/h3>\n<p>Trachtenkapelle Gedersdorf<br \/>\nObmann Scheibelberger Andreas&nbsp;<\/p>\n<blockquote><p>06804028056<\/p><\/blockquote>\n<p>&nbsp;<\/p>\n<p>&nbsp;<\/p>\n","protected":false},"excerpt":{"rendered":"<p>Externe Links: Mit Urteil vom 19. 12. 2000 (4 Ob 274\/00y Haftung f\u00fcr Links auf Websites) hat der \u00f6sterreichische Oberste Gerichtshof entschieden, dass sich ein Linksetzer den Inhalt einer fremden [&hellip;]<\/p>\n","protected":false},"author":1,"featured_media":0,"parent":0,"menu_order":0,"comment_status":"closed","ping_status":"closed","template":"","meta":{"ngg_post_thumbnail":0,"footnotes":""},"class_list":["post-165","page","type-page","status-publish","hentry"],"_links":{"self":[{"href":"https:\/\/tk-gedersdorf.at\/index.php\/wp-json\/wp\/v2\/pages\/165","targetHints":{"allow":["GET"]}}],"collection":[{"href":"https:\/\/tk-gedersdorf.at\/index.php\/wp-json\/wp\/v2\/pages"}],"about":[{"href":"https:\/\/tk-gedersdorf.at\/index.php\/wp-json\/wp\/v2\/types\/page"}],"author":[{"embeddable":true,"href":"https:\/\/tk-gedersdorf.at\/index.php\/wp-json\/wp\/v2\/users\/1"}],"replies":[{"embeddable":true,"href":"https:\/\/tk-gedersdorf.at\/index.php\/wp-json\/wp\/v2\/comments?post=165"}],"version-history":[{"count":3,"href":"https:\/\/tk-gedersdorf.at\/index.php\/wp-json\/wp\/v2\/pages\/165\/revisions"}],"predecessor-version":[{"id":626,"href":"https:\/\/tk-gedersdorf.at\/index.php\/wp-json\/wp\/v2\/pages\/165\/revisions\/626"}],"wp:attachment":[{"href":"https:\/\/tk-gedersdorf.at\/index.php\/wp-json\/wp\/v2\/media?parent=165"}],"curies":[{"name":"wp","href":"https:\/\/api.w.org\/{rel}","templated":true}]}}