{"id":23,"date":"2018-03-30T11:30:48","date_gmt":"2018-03-30T11:30:48","guid":{"rendered":"https:\/\/tk-gedersdorf.at\/?page_id=23"},"modified":"2018-03-30T11:55:22","modified_gmt":"2018-03-30T11:55:22","slug":"ab-1970","status":"publish","type":"page","link":"https:\/\/tk-gedersdorf.at\/index.php\/geschichte\/ab-1970\/","title":{"rendered":"Ab 1970"},"content":{"rendered":"<p>Nach ihrer Gr\u00fcndung im Jahr\u00a0<strong>1969<\/strong>\u00a0hatte die Blasmusikkapelle in musikalischer Hinsicht vorerst mit Startschwierigkeiten zu k\u00e4mpfen: Die Musikinstrumente, gr\u00f6\u00dftenteils Privatst\u00fccke der Feuerwehrkapelle Stratzdorf, reichten nicht f\u00fcr alle Musiker. F\u00fcr den Ankauf neuer Instrumente standen aber zu wenig finanzielle Mittel zur Verf\u00fcgung. Gl\u00fccklicherweise konnte der fehlende Geldbetrag mit Hilfe von B\u00fcrgermeister Bruckner durch Subventionen und einen Spendenaufruf an die Gemeindeb\u00fcrger aufgebracht werden. Nachdem alle Musiker mit einem Instrument ausger\u00fcstet waren, konnte die Blasmusikkapelle endlich ihrer Bestimmung nachkommen: Sie veranstaltete in allen Ortschaften einen Tag der Blasmusik, spielte Konzerte und trat<strong>\u00a01970\u00a0<\/strong>zum ersten Mal beim Konzertwertungsspiel in Traismauer an.<\/p>\n<p><img loading=\"lazy\" decoding=\"async\" class=\"alignnone size-large wp-image-43\" src=\"https:\/\/tk-gedersdorf.at\/wp-content\/uploads\/2018\/03\/geschichte2-1024x706.jpg\" alt=\"\" width=\"900\" height=\"621\" srcset=\"https:\/\/tk-gedersdorf.at\/wp-content\/uploads\/2018\/03\/geschichte2-1024x706.jpg 1024w, https:\/\/tk-gedersdorf.at\/wp-content\/uploads\/2018\/03\/geschichte2-300x207.jpg 300w, https:\/\/tk-gedersdorf.at\/wp-content\/uploads\/2018\/03\/geschichte2-768x530.jpg 768w, https:\/\/tk-gedersdorf.at\/wp-content\/uploads\/2018\/03\/geschichte2.jpg 1066w\" sizes=\"auto, (max-width: 900px) 100vw, 900px\" \/><\/p>\n<p>Um Nachwuchsmusiker auszubilden, wurde\u00a0<strong>1976<\/strong>\u00a0Herr Albrecht mit der Aufgabe betraut, eine Blockfl\u00f6tengruppe in Thei\u00df zu gr\u00fcnden. Dieser Einsatz machte sich bezahlt, denn auf Anhieb fanden sich 27 Blockfl\u00f6tensch\u00fcler zum regelm\u00e4\u00dfigen Unterricht.<\/p>\n<p>Seit der Gr\u00fcndung der Musikkapelle, wurden die Proben in den Gasth\u00e4usern der Gemeinde abgehalten. Dies war aber ein unbefriedigender Umstand, weil sich nat\u00fcrlich f\u00fcr die immer gr\u00f6\u00dfer werdende Anzahl an Ger\u00e4tschaften, Noten und Trachten, kein Platz fand. So nahm sich Obmann Hermann Haiderer dieses Problems an und nahm mit der Gemeinde erste Kontaktgespr\u00e4che auf. Dabei ergab sich, dass im Zuge des Neubaus des Feuerwehrhauses Thei\u00df, bei entsprechender Eigenfinanzierung, auch das Musikheim mitgebaut werden konnte. Daf\u00fcr geb\u00fchrt der Feuerwehr Thei\u00df, speziell dem damaligen Kommando unter der F\u00fchrung von Ludwig Knorr, ein spezieller Dank, denn ohne deren Einsatz w\u00fcrde es heute kein Musikheim geben. F\u00fcr den Bau des Musikheimes in Thei\u00df, wurde viel mehr Geld gebraucht, als die Musik zur Verf\u00fcgung hatte. So wurde beim Land um eine Subvention von \u00d6S 200.000,- angesucht. Gl\u00fccklicherweise wurde unser Anliegen bewilligt, jedoch verpflichtete diese F\u00f6rderung den Musikverein, bei den darauffolgenden vier Konzertwertungsspielen teilzunehmen. So stand\u00a0<strong>1978<\/strong>\u00a0dem Beginn des Musikheimbaus nichts mehr im Wege.<\/p>\n<p>Da die gezielte Jugendarbeit Erfolg brachte und aus den Blockfl\u00f6tensch\u00fclern fertige Jungmusiker wurden, die zur Blasmusikkapelle hinzustie\u00dfen, konnte\u00a0<strong>1979<\/strong>\u00a0der Altersdurchschnitt der Musiker auf 38 Jahre gesenkt werden. Dank dieser hervorragenden Jungmusikerausbildung konnte im J\u00e4nner\u00a0<strong>1980<\/strong>\u00a0das erste Jungbl\u00e4serkonzert in der Gemeinde Gedersdorf veranstaltet werden.<\/p>\n","protected":false},"excerpt":{"rendered":"<p>Nach ihrer Gr\u00fcndung im Jahr\u00a01969\u00a0hatte die Blasmusikkapelle in musikalischer Hinsicht vorerst mit Startschwierigkeiten zu k\u00e4mpfen: Die Musikinstrumente, gr\u00f6\u00dftenteils Privatst\u00fccke der Feuerwehrkapelle Stratzdorf, reichten nicht f\u00fcr alle Musiker. F\u00fcr den Ankauf [&hellip;]<\/p>\n","protected":false},"author":1,"featured_media":0,"parent":21,"menu_order":0,"comment_status":"closed","ping_status":"closed","template":"","meta":{"ngg_post_thumbnail":0,"footnotes":""},"class_list":["post-23","page","type-page","status-publish","hentry"],"_links":{"self":[{"href":"https:\/\/tk-gedersdorf.at\/index.php\/wp-json\/wp\/v2\/pages\/23","targetHints":{"allow":["GET"]}}],"collection":[{"href":"https:\/\/tk-gedersdorf.at\/index.php\/wp-json\/wp\/v2\/pages"}],"about":[{"href":"https:\/\/tk-gedersdorf.at\/index.php\/wp-json\/wp\/v2\/types\/page"}],"author":[{"embeddable":true,"href":"https:\/\/tk-gedersdorf.at\/index.php\/wp-json\/wp\/v2\/users\/1"}],"replies":[{"embeddable":true,"href":"https:\/\/tk-gedersdorf.at\/index.php\/wp-json\/wp\/v2\/comments?post=23"}],"version-history":[{"count":4,"href":"https:\/\/tk-gedersdorf.at\/index.php\/wp-json\/wp\/v2\/pages\/23\/revisions"}],"predecessor-version":[{"id":53,"href":"https:\/\/tk-gedersdorf.at\/index.php\/wp-json\/wp\/v2\/pages\/23\/revisions\/53"}],"up":[{"embeddable":true,"href":"https:\/\/tk-gedersdorf.at\/index.php\/wp-json\/wp\/v2\/pages\/21"}],"wp:attachment":[{"href":"https:\/\/tk-gedersdorf.at\/index.php\/wp-json\/wp\/v2\/media?parent=23"}],"curies":[{"name":"wp","href":"https:\/\/api.w.org\/{rel}","templated":true}]}}