{"id":25,"date":"2018-03-30T11:31:20","date_gmt":"2018-03-30T11:31:20","guid":{"rendered":"https:\/\/tk-gedersdorf.at\/?page_id=25"},"modified":"2024-04-29T19:35:14","modified_gmt":"2024-04-29T19:35:14","slug":"ab-1980","status":"publish","type":"page","link":"https:\/\/tk-gedersdorf.at\/index.php\/geschichte\/ab-1980\/","title":{"rendered":"Ab 1980"},"content":{"rendered":"<p>Bei der Jahreshauptversammlung am 20. Dezember&nbsp;<strong>1980<\/strong>&nbsp;\u00fcbernahm Winkler Erwin aus Schlickendorf die T\u00e4tigkeit des Obmannes, weil Haiderer Hermann leider verstorben war. Bei einem Musikerstand von 33 Musikern, sank der Altersdurchschnitt weiter auf 27 Jahre, nicht zuletzt weil seit 1969 leider 20 Gr\u00fcndungsmitglieder aus der Musik ausgeschieden waren.<\/p>\n<p>In musikalischer Hinsicht wurden immer weitere Fortschritte erzielt und so erreichte die Blasmusikkapelle Gedersdorf im Jahre 1980 das erste Mal einen sehr guten Erfolg beim Konzertwertungsspiel in Krems.<\/p>\n<p><strong>1982<\/strong>&nbsp;\u00fcbernahm Herr Apfelthaler Herbert die F\u00fchrung des Vereines und wurde Obmann der Trachtenkapelle Gedersdorf. Sein Stellvertreter wurde Lechner Karl. Unter deren F\u00fchrung wurde&nbsp;<strong>1984 <\/strong>das Musikheim fertiggestellt und das erste Musikfest organisiert.<\/p>\n<p>Unter der Leitung des Stabf\u00fchrers Neureuter Karl trat die Blasmusikkapelle das erste Mal bei einer Marschmusikbewertung in Etsdorf an.<\/p>\n<p>Um die Jungmusiker noch besser auszubilden, gelang es Herrn Apfelthaler mit Hilfe von Herrn B\u00fcrgermeister Otto Bartl und seinen Gemeinder\u00e4ten, eine Musikschule in Thei\u00df zu gr\u00fcnden, bei der sich im ersten Jahr gleich 28 Sch\u00fcler anmeldeten. Weiters stattete die Kapelle ihre Musiker mit einheitlichen schwarzen Hosen f\u00fcr die Begr\u00e4bnisse aus.<\/p>\n<p><img loading=\"lazy\" decoding=\"async\" class=\"alignnone size-large wp-image-44\" src=\"https:\/\/tk-gedersdorf.at\/wp-content\/uploads\/2018\/03\/geschichte3-1024x654.jpg\" alt=\"\" width=\"900\" height=\"575\" srcset=\"https:\/\/tk-gedersdorf.at\/wp-content\/uploads\/2018\/03\/geschichte3-1024x654.jpg 1024w, https:\/\/tk-gedersdorf.at\/wp-content\/uploads\/2018\/03\/geschichte3-300x192.jpg 300w, https:\/\/tk-gedersdorf.at\/wp-content\/uploads\/2018\/03\/geschichte3-768x490.jpg 768w, https:\/\/tk-gedersdorf.at\/wp-content\/uploads\/2018\/03\/geschichte3.jpg 1065w\" sizes=\"auto, (max-width: 900px) 100vw, 900px\" \/><\/p>\n<p><strong>1986<\/strong>&nbsp;\u00fcberreichte Kapellmeister Brunthaler Friedrich beim Fr\u00fchlingskonzert seinen Dirigentenstab seinem Nachfolger Neureuter Karl.<\/p>\n<p>Gleich bei seinem ersten Antreten beim Konzertwertungsspiel in Krems, erreichte Kapellmeister Neureuter Karl mit der Blasmusikkapelle Gedersdorf das erste Mal einen &#8222;Ausgezeichneten Erfolg&#8220;.<\/p>\n","protected":false},"excerpt":{"rendered":"<p>Bei der Jahreshauptversammlung am 20. Dezember&nbsp;1980&nbsp;\u00fcbernahm Winkler Erwin aus Schlickendorf die T\u00e4tigkeit des Obmannes, weil Haiderer Hermann leider verstorben war. Bei einem Musikerstand von 33 Musikern, sank der Altersdurchschnitt weiter [&hellip;]<\/p>\n","protected":false},"author":1,"featured_media":0,"parent":21,"menu_order":0,"comment_status":"closed","ping_status":"closed","template":"","meta":{"ngg_post_thumbnail":0,"footnotes":""},"class_list":["post-25","page","type-page","status-publish","hentry"],"_links":{"self":[{"href":"https:\/\/tk-gedersdorf.at\/index.php\/wp-json\/wp\/v2\/pages\/25","targetHints":{"allow":["GET"]}}],"collection":[{"href":"https:\/\/tk-gedersdorf.at\/index.php\/wp-json\/wp\/v2\/pages"}],"about":[{"href":"https:\/\/tk-gedersdorf.at\/index.php\/wp-json\/wp\/v2\/types\/page"}],"author":[{"embeddable":true,"href":"https:\/\/tk-gedersdorf.at\/index.php\/wp-json\/wp\/v2\/users\/1"}],"replies":[{"embeddable":true,"href":"https:\/\/tk-gedersdorf.at\/index.php\/wp-json\/wp\/v2\/comments?post=25"}],"version-history":[{"count":5,"href":"https:\/\/tk-gedersdorf.at\/index.php\/wp-json\/wp\/v2\/pages\/25\/revisions"}],"predecessor-version":[{"id":1865,"href":"https:\/\/tk-gedersdorf.at\/index.php\/wp-json\/wp\/v2\/pages\/25\/revisions\/1865"}],"up":[{"embeddable":true,"href":"https:\/\/tk-gedersdorf.at\/index.php\/wp-json\/wp\/v2\/pages\/21"}],"wp:attachment":[{"href":"https:\/\/tk-gedersdorf.at\/index.php\/wp-json\/wp\/v2\/media?parent=25"}],"curies":[{"name":"wp","href":"https:\/\/api.w.org\/{rel}","templated":true}]}}