{"id":69,"date":"2018-03-30T12:13:48","date_gmt":"2018-03-30T12:13:48","guid":{"rendered":"https:\/\/tk-gedersdorf.at\/?page_id=69"},"modified":"2024-10-30T19:44:20","modified_gmt":"2024-10-30T19:44:20","slug":"klarinette","status":"publish","type":"page","link":"https:\/\/tk-gedersdorf.at\/index.php\/musiker\/klarinette\/","title":{"rendered":"Klarinette"},"content":{"rendered":"<p>&nbsp;<\/p>\n<p><img loading=\"lazy\" decoding=\"async\" class=\"alignnone wp-image-1951 size-full\" src=\"https:\/\/tk-gedersdorf.at\/wp-content\/uploads\/2024\/10\/Klarinette.jpeg\" alt=\"\" width=\"942\" height=\"993\" srcset=\"https:\/\/tk-gedersdorf.at\/wp-content\/uploads\/2024\/10\/Klarinette.jpeg 942w, https:\/\/tk-gedersdorf.at\/wp-content\/uploads\/2024\/10\/Klarinette-285x300.jpeg 285w, https:\/\/tk-gedersdorf.at\/wp-content\/uploads\/2024\/10\/Klarinette-768x810.jpeg 768w\" sizes=\"auto, (max-width: 942px) 100vw, 942px\" \/><\/p>\n<p>Lisa Astleithner, Susanne B\u00e4uerl, Caroline B\u00e4uerl, Christian B\u00e4uerl, Anna Zeller, Patricia Dingl<\/p>\n\n\n<p><\/p>\n","protected":false},"excerpt":{"rendered":"<p>&nbsp; Lisa Astleithner, Susanne B\u00e4uerl, Caroline B\u00e4uerl, Christian B\u00e4uerl, Anna Zeller, Patricia Dingl<\/p>\n","protected":false},"author":1,"featured_media":0,"parent":31,"menu_order":3,"comment_status":"closed","ping_status":"closed","template":"","meta":{"ngg_post_thumbnail":0,"footnotes":""},"class_list":["post-69","page","type-page","status-publish","hentry"],"_links":{"self":[{"href":"https:\/\/tk-gedersdorf.at\/index.php\/wp-json\/wp\/v2\/pages\/69","targetHints":{"allow":["GET"]}}],"collection":[{"href":"https:\/\/tk-gedersdorf.at\/index.php\/wp-json\/wp\/v2\/pages"}],"about":[{"href":"https:\/\/tk-gedersdorf.at\/index.php\/wp-json\/wp\/v2\/types\/page"}],"author":[{"embeddable":true,"href":"https:\/\/tk-gedersdorf.at\/index.php\/wp-json\/wp\/v2\/users\/1"}],"replies":[{"embeddable":true,"href":"https:\/\/tk-gedersdorf.at\/index.php\/wp-json\/wp\/v2\/comments?post=69"}],"version-history":[{"count":13,"href":"https:\/\/tk-gedersdorf.at\/index.php\/wp-json\/wp\/v2\/pages\/69\/revisions"}],"predecessor-version":[{"id":1955,"href":"https:\/\/tk-gedersdorf.at\/index.php\/wp-json\/wp\/v2\/pages\/69\/revisions\/1955"}],"up":[{"embeddable":true,"href":"https:\/\/tk-gedersdorf.at\/index.php\/wp-json\/wp\/v2\/pages\/31"}],"wp:attachment":[{"href":"https:\/\/tk-gedersdorf.at\/index.php\/wp-json\/wp\/v2\/media?parent=69"}],"curies":[{"name":"wp","href":"https:\/\/api.w.org\/{rel}","templated":true}]}}